{"id":396,"date":"2025-02-04T10:55:36","date_gmt":"2025-02-04T09:55:36","guid":{"rendered":"https:\/\/motorsrybnik.pl\/?page_id=396"},"modified":"2025-03-07T10:55:11","modified_gmt":"2025-03-07T09:55:11","slug":"o-nas-2","status":"publish","type":"page","link":"https:\/\/motorsrybnik.pl\/index.php\/o-nas-2\/","title":{"rendered":"O nas"},"content":{"rendered":"\t\t<div data-elementor-type=\"wp-page\" data-elementor-id=\"396\" class=\"elementor elementor-396\" data-elementor-settings=\"{&quot;ha_cmc_init_switcher&quot;:&quot;no&quot;}\">\n\t\t\t\t\t\t<section class=\"elementor-section elementor-top-section elementor-element elementor-element-64c3623 elementor-section-full_width elementor-section-stretched elementor-section-height-default elementor-section-height-default\" data-id=\"64c3623\" data-element_type=\"section\" data-settings=\"{&quot;stretch_section&quot;:&quot;section-stretched&quot;,&quot;background_background&quot;:&quot;classic&quot;,&quot;_ha_eqh_enable&quot;:false}\">\n\t\t\t\t\t\t<div class=\"elementor-container elementor-column-gap-default\">\n\t\t\t\t\t<div class=\"elementor-column elementor-col-100 elementor-top-column elementor-element elementor-element-a327b68\" data-id=\"a327b68\" data-element_type=\"column\">\n\t\t\t<div class=\"elementor-widget-wrap elementor-element-populated\">\n\t\t\t\t\t\t<div class=\"elementor-element elementor-element-7c0d137 elementor-widget elementor-widget-spacer\" data-id=\"7c0d137\" data-element_type=\"widget\" data-widget_type=\"spacer.default\">\n\t\t\t\t<div class=\"elementor-widget-container\">\n\t\t\t\t\t\t\t<div class=\"elementor-spacer\">\n\t\t\t<div class=\"elementor-spacer-inner\"><\/div>\n\t\t<\/div>\n\t\t\t\t\t\t<\/div>\n\t\t\t\t<\/div>\n\t\t\t\t<div class=\"elementor-element elementor-element-96940cf elementor-widget elementor-widget-heading\" data-id=\"96940cf\" data-element_type=\"widget\" data-widget_type=\"heading.default\">\n\t\t\t\t<div class=\"elementor-widget-container\">\n\t\t\t\t\t<h2 class=\"elementor-heading-title elementor-size-default\">O NAS<\/h2>\t\t\t\t<\/div>\n\t\t\t\t<\/div>\n\t\t\t\t<div class=\"elementor-element elementor-element-4be9669 elementor-widget elementor-widget-spacer\" data-id=\"4be9669\" data-element_type=\"widget\" data-widget_type=\"spacer.default\">\n\t\t\t\t<div class=\"elementor-widget-container\">\n\t\t\t\t\t\t\t<div class=\"elementor-spacer\">\n\t\t\t<div class=\"elementor-spacer-inner\"><\/div>\n\t\t<\/div>\n\t\t\t\t\t\t<\/div>\n\t\t\t\t<\/div>\n\t\t\t\t\t<\/div>\n\t\t<\/div>\n\t\t\t\t\t<\/div>\n\t\t<\/section>\n\t\t\t\t<section class=\"elementor-section elementor-top-section elementor-element elementor-element-e11c24b elementor-section-stretched elementor-section-boxed elementor-section-height-default elementor-section-height-default\" data-id=\"e11c24b\" data-element_type=\"section\" data-settings=\"{&quot;stretch_section&quot;:&quot;section-stretched&quot;,&quot;background_background&quot;:&quot;classic&quot;,&quot;_ha_eqh_enable&quot;:false}\">\n\t\t\t\t\t\t<div class=\"elementor-container elementor-column-gap-default\">\n\t\t\t\t\t<div class=\"elementor-column elementor-col-50 elementor-top-column elementor-element elementor-element-8775219\" data-id=\"8775219\" data-element_type=\"column\">\n\t\t\t<div class=\"elementor-widget-wrap elementor-element-populated\">\n\t\t\t\t\t\t<div class=\"elementor-element elementor-element-abe2ae8 elementor-widget elementor-widget-spacer\" data-id=\"abe2ae8\" data-element_type=\"widget\" data-widget_type=\"spacer.default\">\n\t\t\t\t<div class=\"elementor-widget-container\">\n\t\t\t\t\t\t\t<div class=\"elementor-spacer\">\n\t\t\t<div class=\"elementor-spacer-inner\"><\/div>\n\t\t<\/div>\n\t\t\t\t\t\t<\/div>\n\t\t\t\t<\/div>\n\t\t\t\t<div class=\"elementor-element elementor-element-f8aa1af elementor-widget elementor-widget-heading\" data-id=\"f8aa1af\" data-element_type=\"widget\" data-widget_type=\"heading.default\">\n\t\t\t\t<div class=\"elementor-widget-container\">\n\t\t\t\t\t<h2 class=\"elementor-heading-title elementor-size-default\">Stowarzyszenie MOTORS RYBNIK<\/h2>\t\t\t\t<\/div>\n\t\t\t\t<\/div>\n\t\t\t\t<div class=\"elementor-element elementor-element-676361f elementor-widget elementor-widget-text-editor\" data-id=\"676361f\" data-element_type=\"widget\" data-widget_type=\"text-editor.default\">\n\t\t\t\t<div class=\"elementor-widget-container\">\n\t\t\t\t\t\t\t\t\t<p><strong>Stowarzyszenie MOTORS RYBNIK<\/strong> to stowarzyszenie sieciuj\u0105ce motorsport. Mo\u017ce by\u0107 organizacj\u0105 skupiaj\u0105c\u0105 osoby zainteresowane r\u00f3\u017cnymi dziedzinami sport\u00f3w motorowych, takimi jak kierowcy, mechanicy, in\u017cynierowie, organizatorzy wy\u015bcig\u00f3w i inne osoby zwi\u0105zane ze sportami motorowymi. Celem takiego stowarzyszenia mo\u017ce by\u0107 mi\u0119dzy innymi promowanie sport\u00f3w motorowych, organizowanie zawod\u00f3w i szkole\u0144 dla cz\u0142onk\u00f3w, a tak\u017ce wspieranie rozwoju kariery sportowej dla m\u0142odych i utalentowanych kierowc\u00f3w.<\/p><p>Stowarzyszenie mo\u017ce r\u00f3wnie\u017c dzia\u0142a\u0107 jako platforma wymiany informacji i do\u015bwiadcze\u0144 mi\u0119dzy cz\u0142onkami, a tak\u017ce jako organizacja lobbingowa w sprawach dotycz\u0105cych sport\u00f3w motorowych. Wsp\u00f3\u0142pracuj\u0105c z innymi organizacjami sportowymi i w\u0142adzami lokalnymi, stowarzyszenie mo\u017ce wp\u0142ywa\u0107 na rozw\u00f3j infrastruktury sportowej i popraw\u0119 bezpiecze\u0144stwa podczas zawod\u00f3w.<\/p><p>Przyk\u0142ady takich stowarzysze\u0144 to na przyk\u0142ad International Motor Sports Association (IMSA) czy International Automobile Federation (FIA). Te organizacje maj\u0105 na celu rozwijanie motorsportu na ca\u0142ym \u015bwiecie, a ich cz\u0142onkowie reprezentuj\u0105 r\u00f3\u017cne kraje i dyscypliny sportowe zwi\u0105zane z motoryzacj\u0105.<\/p><p>W skr\u00f3cie, stowarzyszenie sieciuj\u0105ce motorsport mo\u017ce pe\u0142ni\u0107 wa\u017cn\u0105 rol\u0119 w rozwoju i popularyzacji sport\u00f3w motorowych, a tak\u017ce stanowi\u0107 platform\u0119 dla ludzi zwi\u0105zanych z t\u0105 dziedzin\u0105, kt\u00f3rzy chc\u0105 wymienia\u0107 si\u0119 do\u015bwiadczeniami i informacjami, oraz dzia\u0142a\u0107 na rzecz poprawy bezpiecze\u0144stwa i infrastruktury sportowej.<\/p>\t\t\t\t\t\t\t\t<\/div>\n\t\t\t\t<\/div>\n\t\t\t\t\t<\/div>\n\t\t<\/div>\n\t\t\t\t<div class=\"elementor-column elementor-col-50 elementor-top-column elementor-element elementor-element-7164856\" data-id=\"7164856\" data-element_type=\"column\">\n\t\t\t<div class=\"elementor-widget-wrap elementor-element-populated\">\n\t\t\t\t\t\t<div class=\"elementor-element elementor-element-5083a42 elementor-widget elementor-widget-spacer\" data-id=\"5083a42\" data-element_type=\"widget\" data-widget_type=\"spacer.default\">\n\t\t\t\t<div class=\"elementor-widget-container\">\n\t\t\t\t\t\t\t<div class=\"elementor-spacer\">\n\t\t\t<div class=\"elementor-spacer-inner\"><\/div>\n\t\t<\/div>\n\t\t\t\t\t\t<\/div>\n\t\t\t\t<\/div>\n\t\t\t\t<div class=\"elementor-element elementor-element-1d1c44e elementor-widget elementor-widget-image\" data-id=\"1d1c44e\" data-element_type=\"widget\" data-widget_type=\"image.default\">\n\t\t\t\t<div class=\"elementor-widget-container\">\n\t\t\t\t\t\t\t\t\t\t\t\t\t\t\t<img fetchpriority=\"high\" decoding=\"async\" width=\"600\" height=\"600\" src=\"https:\/\/motorsrybnik.pl\/wp-content\/uploads\/2025\/02\/3-2.jpg\" class=\"attachment-large size-large wp-image-258\" alt=\"\" srcset=\"https:\/\/motorsrybnik.pl\/wp-content\/uploads\/2025\/02\/3-2.jpg 600w, https:\/\/motorsrybnik.pl\/wp-content\/uploads\/2025\/02\/3-2-300x300.jpg 300w, https:\/\/motorsrybnik.pl\/wp-content\/uploads\/2025\/02\/3-2-150x150.jpg 150w\" sizes=\"(max-width: 600px) 100vw, 600px\" \/>\t\t\t\t\t\t\t\t\t\t\t\t\t\t\t<\/div>\n\t\t\t\t<\/div>\n\t\t\t\t<div class=\"elementor-element elementor-element-114bb80 elementor-widget elementor-widget-image\" data-id=\"114bb80\" data-element_type=\"widget\" data-widget_type=\"image.default\">\n\t\t\t\t<div class=\"elementor-widget-container\">\n\t\t\t\t\t\t\t\t\t\t\t\t\t\t\t<img decoding=\"async\" width=\"500\" height=\"275\" src=\"https:\/\/motorsrybnik.pl\/wp-content\/uploads\/2025\/02\/5.jpg\" class=\"attachment-large size-large wp-image-259\" alt=\"\" srcset=\"https:\/\/motorsrybnik.pl\/wp-content\/uploads\/2025\/02\/5.jpg 500w, https:\/\/motorsrybnik.pl\/wp-content\/uploads\/2025\/02\/5-300x165.jpg 300w\" sizes=\"(max-width: 500px) 100vw, 500px\" \/>\t\t\t\t\t\t\t\t\t\t\t\t\t\t\t<\/div>\n\t\t\t\t<\/div>\n\t\t\t\t<div class=\"elementor-element elementor-element-a9aace5 elementor-widget elementor-widget-spacer\" data-id=\"a9aace5\" data-element_type=\"widget\" data-widget_type=\"spacer.default\">\n\t\t\t\t<div class=\"elementor-widget-container\">\n\t\t\t\t\t\t\t<div class=\"elementor-spacer\">\n\t\t\t<div class=\"elementor-spacer-inner\"><\/div>\n\t\t<\/div>\n\t\t\t\t\t\t<\/div>\n\t\t\t\t<\/div>\n\t\t\t\t\t<\/div>\n\t\t<\/div>\n\t\t\t\t\t<\/div>\n\t\t<\/section>\n\t\t\t\t<section class=\"elementor-section elementor-top-section elementor-element elementor-element-8677af3 elementor-section-full_width elementor-section-stretched elementor-section-height-default elementor-section-height-default\" data-id=\"8677af3\" data-element_type=\"section\" data-settings=\"{&quot;stretch_section&quot;:&quot;section-stretched&quot;,&quot;_ha_eqh_enable&quot;:false}\">\n\t\t\t\t\t\t<div class=\"elementor-container elementor-column-gap-default\">\n\t\t\t\t\t<div class=\"elementor-column elementor-col-100 elementor-top-column elementor-element elementor-element-492f989\" data-id=\"492f989\" data-element_type=\"column\">\n\t\t\t<div class=\"elementor-widget-wrap\">\n\t\t\t\t\t\t\t<\/div>\n\t\t<\/div>\n\t\t\t\t\t<\/div>\n\t\t<\/section>\n\t\t\t\t<\/div>\n\t\t","protected":false},"excerpt":{"rendered":"<p>O NAS Stowarzyszenie MOTORS RYBNIK Stowarzyszenie MOTORS RYBNIK to stowarzyszenie sieciuj\u0105ce motorsport. Mo\u017ce by\u0107 organizacj\u0105 skupiaj\u0105c\u0105 osoby zainteresowane r\u00f3\u017cnymi dziedzinami sport\u00f3w motorowych, takimi jak kierowcy, mechanicy, in\u017cynierowie, organizatorzy wy\u015bcig\u00f3w i &#8230;<\/p>\n","protected":false},"author":3,"featured_media":0,"parent":0,"menu_order":0,"comment_status":"closed","ping_status":"closed","template":"","meta":{"footnotes":""},"class_list":["post-396","page","type-page","status-publish","hentry"],"_links":{"self":[{"href":"https:\/\/motorsrybnik.pl\/index.php\/wp-json\/wp\/v2\/pages\/396","targetHints":{"allow":["GET"]}}],"collection":[{"href":"https:\/\/motorsrybnik.pl\/index.php\/wp-json\/wp\/v2\/pages"}],"about":[{"href":"https:\/\/motorsrybnik.pl\/index.php\/wp-json\/wp\/v2\/types\/page"}],"author":[{"embeddable":true,"href":"https:\/\/motorsrybnik.pl\/index.php\/wp-json\/wp\/v2\/users\/3"}],"replies":[{"embeddable":true,"href":"https:\/\/motorsrybnik.pl\/index.php\/wp-json\/wp\/v2\/comments?post=396"}],"version-history":[{"count":33,"href":"https:\/\/motorsrybnik.pl\/index.php\/wp-json\/wp\/v2\/pages\/396\/revisions"}],"predecessor-version":[{"id":815,"href":"https:\/\/motorsrybnik.pl\/index.php\/wp-json\/wp\/v2\/pages\/396\/revisions\/815"}],"wp:attachment":[{"href":"https:\/\/motorsrybnik.pl\/index.php\/wp-json\/wp\/v2\/media?parent=396"}],"curies":[{"name":"wp","href":"https:\/\/api.w.org\/{rel}","templated":true}]}}